{"id":2,"date":"2025-01-30T08:55:55","date_gmt":"2025-01-30T07:55:55","guid":{"rendered":"https:\/\/exclusiveconnection.it\/blog\/?page_id=2"},"modified":"2025-08-08T10:22:36","modified_gmt":"2025-08-08T08:22:36","slug":"home","status":"publish","type":"page","link":"https:\/\/exclusiveconnection.it\/blog\/","title":{"rendered":"Exclusive Connection"},"content":{"rendered":"\n<figure class=\"wp-block-pullquote has-neve-link-hover-color-background-color has-background\" style=\"font-size:21px\"><blockquote><p><em><mark style=\"background-color:rgba(0, 0, 0, 0)\" class=\"has-inline-color has-neve-link-color-color\">Per viaggiatori che cercano l\u2019anima dell\u2019Italia.<br>Arte, luoghi segreti, voci appassionate e visioni extra-ordinary. <\/mark><\/em><br><em><mark style=\"background-color:rgba(0, 0, 0, 0)\" class=\"has-inline-color has-neve-link-color-color\">Il nostro blog \u00e8 un invito a scoprire il lato pi\u00f9 autentico, raffinato e sorprendente del Bel Paese.<\/mark><\/em><\/p><\/blockquote><\/figure>\n\n\n<ul class=\"wp-block-latest-posts__list has-link-color alignfull .wp-block-latest-posts__post {   display: flex;   flex-direction: column-reverse; }  .wp-block-latest-posts__post-title {   font-size: 2rem; \/* Cambia dimensione titolo *\/   font-weight: 700;   margin-bottom: 10px;   text-align: left; } wp-elements-b1cb270886cbb70fd9c16a522e8ae1bf wp-block-latest-posts has-medium-font-size\"><li><div class=\"wp-block-latest-posts__featured-image aligncenter\"><img loading=\"lazy\" decoding=\"async\" width=\"1024\" height=\"743\" src=\"https:\/\/exclusiveconnection.it\/blog\/wp-content\/uploads\/2026\/03\/Fra_Angelico_-_Annunciation-1024x743.jpg\" class=\"attachment-large size-large wp-post-image\" alt=\"\" style=\"max-width:768px;max-height:768px;\" srcset=\"https:\/\/exclusiveconnection.it\/blog\/wp-content\/uploads\/2026\/03\/Fra_Angelico_-_Annunciation-1024x743.jpg 1024w, https:\/\/exclusiveconnection.it\/blog\/wp-content\/uploads\/2026\/03\/Fra_Angelico_-_Annunciation-300x218.jpg 300w, https:\/\/exclusiveconnection.it\/blog\/wp-content\/uploads\/2026\/03\/Fra_Angelico_-_Annunciation-768x557.jpg 768w, https:\/\/exclusiveconnection.it\/blog\/wp-content\/uploads\/2026\/03\/Fra_Angelico_-_Annunciation-1536x1114.jpg 1536w, https:\/\/exclusiveconnection.it\/blog\/wp-content\/uploads\/2026\/03\/Fra_Angelico_-_Annunciation.jpg 1920w\" sizes=\"auto, (max-width: 1024px) 100vw, 1024px\" \/><\/div><a class=\"wp-block-latest-posts__post-title\" href=\"https:\/\/exclusiveconnection.it\/blog\/esplorare-la-connessione-tra-arte-e-salute-mentale\/\">Esplorare la connessione tra arte e salute mentale<\/a><div class=\"wp-block-latest-posts__post-excerpt\">Immaginate questa scena: siete nel cuore di Firenze, avvolti dal silenzio del Convento di San Marco, mentre osservate la straordinaria collezione di opere di Fra Angelico. Vi ritrovate attratti dalla vasta serie di affreschi che adornano il convento. Una sensazione di pace vi avvolge mentre li osservate. Apprezzate i dettagli e il significato racchiuso in&hellip;&nbsp;<a href=\"https:\/\/exclusiveconnection.it\/blog\/esplorare-la-connessione-tra-arte-e-salute-mentale\/\" rel=\"bookmark\"><span class=\"screen-reader-text\">Esplorare la connessione tra arte e salute mentale<\/span><\/a><\/div><\/li>\n<li><div class=\"wp-block-latest-posts__featured-image aligncenter\"><img loading=\"lazy\" decoding=\"async\" width=\"320\" height=\"168\" src=\"https:\/\/exclusiveconnection.it\/blog\/wp-content\/uploads\/2025\/11\/Incanto-Retreat-Italy.jpeg\" class=\"attachment-large size-large wp-post-image\" alt=\"Incanto Retreat in Italy\" style=\"max-width:768px;max-height:768px;\" srcset=\"https:\/\/exclusiveconnection.it\/blog\/wp-content\/uploads\/2025\/11\/Incanto-Retreat-Italy.jpeg 320w, https:\/\/exclusiveconnection.it\/blog\/wp-content\/uploads\/2025\/11\/Incanto-Retreat-Italy-300x158.jpeg 300w\" sizes=\"auto, (max-width: 320px) 100vw, 320px\" \/><\/div><a class=\"wp-block-latest-posts__post-title\" href=\"https:\/\/exclusiveconnection.it\/blog\/incanto-retreat-per-donne\/\">INCANTO: Un invito a risvegliare il Rinascimento che \u00e8 in te<\/a><div class=\"wp-block-latest-posts__post-excerpt\">Sulle colline che abbracciano Firenze, dove la luce si fa pi\u00f9 morbida e il tempo rallenta, stiamo lavorando ad un incontro speciale. Si chiama Incanto e non \u00e8 semplicemente un ritiro. \u00c8 un invito. Un risveglio. Un ritorno. In un mondo che corre veloce, Incanto ti invita a fermarti. Ad ascoltare. A ricordare l\u2019arte di&hellip;&nbsp;<a href=\"https:\/\/exclusiveconnection.it\/blog\/incanto-retreat-per-donne\/\" rel=\"bookmark\"><span class=\"screen-reader-text\">INCANTO: Un invito a risvegliare il Rinascimento che \u00e8 in te<\/span><\/a><\/div><\/li>\n<li><div class=\"wp-block-latest-posts__featured-image aligncenter\"><img loading=\"lazy\" decoding=\"async\" width=\"800\" height=\"480\" src=\"https:\/\/exclusiveconnection.it\/blog\/wp-content\/uploads\/2025\/09\/Beato-Angelico_Trittico-Francescano_det_800-480.jpg\" class=\"attachment-large size-large wp-post-image\" alt=\"Beato Angelico\" style=\"max-width:768px;max-height:768px;\" srcset=\"https:\/\/exclusiveconnection.it\/blog\/wp-content\/uploads\/2025\/09\/Beato-Angelico_Trittico-Francescano_det_800-480.jpg 800w, https:\/\/exclusiveconnection.it\/blog\/wp-content\/uploads\/2025\/09\/Beato-Angelico_Trittico-Francescano_det_800-480-300x180.jpg 300w, https:\/\/exclusiveconnection.it\/blog\/wp-content\/uploads\/2025\/09\/Beato-Angelico_Trittico-Francescano_det_800-480-768x461.jpg 768w\" sizes=\"auto, (max-width: 800px) 100vw, 800px\" \/><\/div><a class=\"wp-block-latest-posts__post-title\" href=\"https:\/\/exclusiveconnection.it\/blog\/sette-mostre-autunno2025-inversno2026-italia\/\">7 mostre da non perdere questo autunno-inverno 2025-2026 in Italia<\/a><div class=\"wp-block-latest-posts__post-excerpt\">Abbiamo selezionato sette mostre per il tuo ritorno nella stagione autunno\u2013inverno d\u2019Italia. Dall\u2019oro sussurrato di Beato Angelico a Firenze allo sguardo inquieto di Pietro Bellotti a Venezia: un itinerario per gli occhi e per il palato. Firenze &#8211; Beato Angelico Palazzo Strozzi &amp; Museo di San Marco, 26 settembre 2025 \u2013 25 gennaio 2026Un raro&hellip;&nbsp;<a href=\"https:\/\/exclusiveconnection.it\/blog\/sette-mostre-autunno2025-inversno2026-italia\/\" rel=\"bookmark\"><span class=\"screen-reader-text\">7 mostre da non perdere questo autunno-inverno 2025-2026 in Italia<\/span><\/a><\/div><\/li>\n<li><div class=\"wp-block-latest-posts__featured-image aligncenter\"><img loading=\"lazy\" decoding=\"async\" width=\"819\" height=\"1024\" src=\"https:\/\/exclusiveconnection.it\/blog\/wp-content\/uploads\/2025\/06\/11-819x1024.jpg\" class=\"attachment-large size-large wp-post-image\" alt=\"Italy in the Stars\" style=\"max-width:768px;max-height:768px;\" srcset=\"https:\/\/exclusiveconnection.it\/blog\/wp-content\/uploads\/2025\/06\/11-819x1024.jpg 819w, https:\/\/exclusiveconnection.it\/blog\/wp-content\/uploads\/2025\/06\/11-240x300.jpg 240w, https:\/\/exclusiveconnection.it\/blog\/wp-content\/uploads\/2025\/06\/11-768x960.jpg 768w, https:\/\/exclusiveconnection.it\/blog\/wp-content\/uploads\/2025\/06\/11.jpg 1080w\" sizes=\"auto, (max-width: 819px) 100vw, 819px\" \/><\/div><a class=\"wp-block-latest-posts__post-title\" href=\"https:\/\/exclusiveconnection.it\/blog\/italy-in-the-stars\/\">Italy in the Stars<\/a><div class=\"wp-block-latest-posts__post-excerpt\">E se il tuo segno zodiacale avesse una citt\u00e0 italiana che ne rispecchia l\u2019essenza pi\u00f9 profonda? Italy in the Stars \u00e8 un progetto editoriale che unisce astrologia, viaggio e cultura. Un percorso simbolico che abbina i dodici segni dello zodiaco ad altrettante citt\u00e0 italiane, scelte non solo per la loro bellezza, ma per l\u2019energia e&hellip;&nbsp;<a href=\"https:\/\/exclusiveconnection.it\/blog\/italy-in-the-stars\/\" rel=\"bookmark\"><span class=\"screen-reader-text\">Italy in the Stars<\/span><\/a><\/div><\/li>\n<\/ul>","protected":false},"excerpt":{"rendered":"<p>Per viaggiatori che cercano l\u2019anima dell\u2019Italia.Arte, luoghi segreti, voci appassionate e visioni extra-ordinary. Il nostro blog \u00e8 un invito a scoprire il lato pi\u00f9 autentico, raffinato e sorprendente del Bel Paese.<\/p>\n","protected":false},"author":1,"featured_media":890,"parent":0,"menu_order":0,"comment_status":"closed","ping_status":"closed","template":"","meta":{"neve_meta_sidebar":"","neve_meta_container":"","neve_meta_enable_content_width":"","neve_meta_content_width":0,"neve_meta_title_alignment":"","neve_meta_author_avatar":"","neve_post_elements_order":"","neve_meta_disable_header":"","neve_meta_disable_footer":"","neve_meta_disable_title":"","footnotes":""},"class_list":["post-2","page","type-page","status-publish","has-post-thumbnail","hentry"],"_links":{"self":[{"href":"https:\/\/exclusiveconnection.it\/blog\/wp-json\/wp\/v2\/pages\/2","targetHints":{"allow":["GET"]}}],"collection":[{"href":"https:\/\/exclusiveconnection.it\/blog\/wp-json\/wp\/v2\/pages"}],"about":[{"href":"https:\/\/exclusiveconnection.it\/blog\/wp-json\/wp\/v2\/types\/page"}],"author":[{"embeddable":true,"href":"https:\/\/exclusiveconnection.it\/blog\/wp-json\/wp\/v2\/users\/1"}],"replies":[{"embeddable":true,"href":"https:\/\/exclusiveconnection.it\/blog\/wp-json\/wp\/v2\/comments?post=2"}],"version-history":[{"count":12,"href":"https:\/\/exclusiveconnection.it\/blog\/wp-json\/wp\/v2\/pages\/2\/revisions"}],"predecessor-version":[{"id":938,"href":"https:\/\/exclusiveconnection.it\/blog\/wp-json\/wp\/v2\/pages\/2\/revisions\/938"}],"wp:featuredmedia":[{"embeddable":true,"href":"https:\/\/exclusiveconnection.it\/blog\/wp-json\/wp\/v2\/media\/890"}],"wp:attachment":[{"href":"https:\/\/exclusiveconnection.it\/blog\/wp-json\/wp\/v2\/media?parent=2"}],"curies":[{"name":"wp","href":"https:\/\/api.w.org\/{rel}","templated":true}]}}